{"id":5322,"date":"2024-12-10T16:42:44","date_gmt":"2024-12-10T08:42:44","guid":{"rendered":"https:\/\/www.wonvolt.com\/?post_type=product&#038;p=5322"},"modified":"2025-01-21T16:45:15","modified_gmt":"2025-01-21T08:45:15","slug":"100kw-630kw-battery-inverter-bidirectional-pcs100-630","status":"publish","type":"product","link":"https:\/\/www.wonvolt.com\/cs\/product\/100kw-630kw-battery-inverter-bidirectional-pcs100-630\/","title":{"rendered":"100KW-630KW baterie m\u011bni\u010d obousm\u011brn\u00fd PCS100-630"},"content":{"rendered":"","protected":false},"excerpt":{"rendered":"","protected":false},"featured_media":5330,"comment_status":"open","ping_status":"closed","template":"","meta":[],"product_brand":[],"product_cat":[20,27],"product_tag":[],"class_list":{"0":"post-5322","1":"product","2":"type-product","3":"status-publish","4":"has-post-thumbnail","6":"product_cat-inverter","7":"product_cat-hybrid-inverter","9":"first","10":"instock","11":"shipping-taxable","12":"product-type-simple"},"acf":[],"_links":{"self":[{"href":"https:\/\/www.wonvolt.com\/cs\/wp-json\/wp\/v2\/product\/5322","targetHints":{"allow":["GET"]}}],"collection":[{"href":"https:\/\/www.wonvolt.com\/cs\/wp-json\/wp\/v2\/product"}],"about":[{"href":"https:\/\/www.wonvolt.com\/cs\/wp-json\/wp\/v2\/types\/product"}],"replies":[{"embeddable":true,"href":"https:\/\/www.wonvolt.com\/cs\/wp-json\/wp\/v2\/comments?post=5322"}],"wp:featuredmedia":[{"embeddable":true,"href":"https:\/\/www.wonvolt.com\/cs\/wp-json\/wp\/v2\/media\/5330"}],"wp:attachment":[{"href":"https:\/\/www.wonvolt.com\/cs\/wp-json\/wp\/v2\/media?parent=5322"}],"wp:term":[{"taxonomy":"product_brand","embeddable":true,"href":"https:\/\/www.wonvolt.com\/cs\/wp-json\/wp\/v2\/product_brand?post=5322"},{"taxonomy":"product_cat","embeddable":true,"href":"https:\/\/www.wonvolt.com\/cs\/wp-json\/wp\/v2\/product_cat?post=5322"},{"taxonomy":"product_tag","embeddable":true,"href":"https:\/\/www.wonvolt.com\/cs\/wp-json\/wp\/v2\/product_tag?post=5322"}],"curies":[{"name":"WP","href":"https:\/\/api.w.org\/{rel}","templated":true}]}}