{"id":4926,"date":"2024-11-28T15:24:04","date_gmt":"2024-11-28T07:24:04","guid":{"rendered":"https:\/\/www.wonvolt.com\/?post_type=product&#038;p=4926"},"modified":"2025-04-16T16:22:52","modified_gmt":"2025-04-16T08:22:52","slug":"bifacial-solar-panel-740w-wv-66kun740-h12ns","status":"publish","type":"product","link":"https:\/\/www.wonvolt.com\/es\/product\/bifacial-solar-panel-740w-wv-66kun740-h12ns\/","title":{"rendered":"Panel solar bifacial 740W WV-66KUN740-H12NS"},"content":{"rendered":"","protected":false},"excerpt":{"rendered":"<p>M\u00f3dulos fotovoltaicos de alto rendimiento para centrales el\u00e9ctricas de servicios p\u00fablicos<\/p>\n<p>La tecnolog\u00eda avanzada de c\u00e9lulas MBB ofrece una eficiencia superior del m\u00f3dulo<\/p>\n<p>Alta Bifacialidad&amp; Excelente coeficiente de temperatura de potencia logra un alto rendimiento energ\u00e9tico<\/p>","protected":false},"featured_media":5129,"comment_status":"open","ping_status":"closed","template":"","meta":[],"product_brand":[],"product_cat":[31,21],"product_tag":[],"class_list":{"0":"post-4926","1":"product","2":"type-product","3":"status-publish","4":"has-post-thumbnail","6":"product_cat-n-type-topcon","7":"product_cat-solar-panel","9":"first","10":"instock","11":"shipping-taxable","12":"product-type-simple"},"acf":[],"_links":{"self":[{"href":"https:\/\/www.wonvolt.com\/es\/wp-json\/wp\/v2\/product\/4926","targetHints":{"allow":["GET"]}}],"collection":[{"href":"https:\/\/www.wonvolt.com\/es\/wp-json\/wp\/v2\/product"}],"about":[{"href":"https:\/\/www.wonvolt.com\/es\/wp-json\/wp\/v2\/types\/product"}],"replies":[{"embeddable":true,"href":"https:\/\/www.wonvolt.com\/es\/wp-json\/wp\/v2\/comments?post=4926"}],"wp:featuredmedia":[{"embeddable":true,"href":"https:\/\/www.wonvolt.com\/es\/wp-json\/wp\/v2\/media\/5129"}],"wp:attachment":[{"href":"https:\/\/www.wonvolt.com\/es\/wp-json\/wp\/v2\/media?parent=4926"}],"wp:term":[{"taxonomy":"product_brand","embeddable":true,"href":"https:\/\/www.wonvolt.com\/es\/wp-json\/wp\/v2\/product_brand?post=4926"},{"taxonomy":"product_cat","embeddable":true,"href":"https:\/\/www.wonvolt.com\/es\/wp-json\/wp\/v2\/product_cat?post=4926"},{"taxonomy":"product_tag","embeddable":true,"href":"https:\/\/www.wonvolt.com\/es\/wp-json\/wp\/v2\/product_tag?post=4926"}],"curies":[{"name":"WP","href":"https:\/\/api.w.org\/{rel}","templated":true}]}}